{"id":576,"date":"2024-01-29T00:24:17","date_gmt":"2024-01-29T00:24:17","guid":{"rendered":"https:\/\/doublec.phrix-club.de\/?page_id=576"},"modified":"2024-01-29T00:24:18","modified_gmt":"2024-01-29T00:24:18","slug":"impressum","status":"publish","type":"page","link":"https:\/\/dj-doublec.de\/index.php\/impressum\/","title":{"rendered":"Impressum"},"content":{"rendered":"<div class=\"wpb-content-wrapper\"><p>[vc_row][vc_column][vc_separator color=&#8220;pink&#8220;][vc_column_text]<\/p>\n<header>\n<h3 class=\"moduleTitle \"><\/h3>\n<\/header>\n<div class=\"mod-custom mod-custom__\">\n<h3>Impressum<\/h3>\n<p>Angaben gem\u00e4\u00df \u00a7 5 TMG:<\/p>\n<p>Mario Riedel<br \/>\nWildentenweg 2<br \/>\nD &#8211; 50127 Bergheim<\/p>\n<p>Mobil: +49 177-7288323<br \/>\nE-Mail:&nbsp;<a href=\"mailto:djdoublec@dj-doublec.de\" data-mce-href=\"mailto:djdoublec@dj-doublec.de\">djdoublec@dj-doublec.de<\/a><br data-mce-bogus=\"1\"><\/p>\n<p>Steuernummer: 203\/5259\/2217<\/p>\n<p><strong>Haftung f\u00fcr Inhalte<\/strong><br \/>\nDie<br \/>\nInhalte unserer Seiten wurden mit gr\u00f6\u00dfter Sorgfalt erstellt. F\u00fcr die<br \/>\nRichtigkeit, Vollst\u00e4ndigkeit und Aktualit\u00e4t der Inhalte k\u00f6nnen wir<br \/>\njedoch keine Gew\u00e4hr \u00fcbernehmen. Als Diensteanbieter sind wir gem\u00e4\u00df \u00a7 7<br \/>\nAbs.1 TMG f\u00fcr eigene Inhalte auf diesen Seiten nach den allgemeinen<br \/>\nGesetzen verantwortlich. Nach \u00a7\u00a7 8 bis 10 TMG sind wir als<br \/>\nDiensteanbieter jedoch nicht verpflichtet, \u00fcbermittelte oder<br \/>\ngespeicherte fremde Informationen zu \u00fcberwachen oder nach Umst\u00e4nden zu<br \/>\nforschen, die auf eine rechtswidrige T\u00e4tigkeit hinweisen.<br \/>\nVerpflichtungen zur Entfernung oder Sperrung der Nutzung von<br \/>\nInformationen nach den allgemeinen Gesetzen bleiben hiervon unber\u00fchrt.<br \/>\nEine diesbez\u00fcgliche Haftung ist jedoch erst ab dem Zeitpunkt der<br \/>\nKenntnis einer konkreten Rechtsverletzung m\u00f6glich. Bei Bekanntwerden von<br \/>\nentsprechenden Rechtsverletzungen werden wir diese Inhalte umgehend<br \/>\nentfernen.<\/p>\n<p><strong>Haftung f\u00fcr Links<\/strong><br \/>\nUnser Angebot<br \/>\nenth\u00e4lt Links zu externen Webseiten Dritter, auf deren Inhalte wir<br \/>\nkeinen Einfluss haben. Deshalb k\u00f6nnen wir f\u00fcr diese fremden Inhalte auch<br \/>\nkeine Gew\u00e4hr \u00fcbernehmen. F\u00fcr die Inhalte der verlinkten Seiten ist<br \/>\nstets der jeweilige Anbieter oder Betreiber der Seiten verantwortlich.<br \/>\nDie verlinkten Seiten wurden zum Zeitpunkt der Verlinkung auf m\u00f6gliche<br \/>\nRechtsverst\u00f6\u00dfe \u00fcberpr\u00fcft. Rechtswidrige Inhalte waren zum Zeitpunkt der<br \/>\nVerlinkung nicht erkennbar. Eine permanente inhaltliche Kontrolle der<br \/>\nverlinkten Seiten ist jedoch ohne konkrete Anhaltspunkte einer<br \/>\nRechtsverletzung nicht zumutbar. Bei Bekanntwerden von<br \/>\nRechtsverletzungen werden wir derartige Links umgehend entfernen.<\/p>\n<p><strong>Urheberrecht<\/strong><br \/>\nDie<br \/>\ndurch die Seitenbetreiber erstellten Inhalte und Werke auf diesen<br \/>\nSeiten unterliegen dem deutschen Urheberrecht. Die Vervielf\u00e4ltigung,<br \/>\nBearbeitung, Verbreitung und jede Art der Verwertung au\u00dferhalb der<br \/>\nGrenzen des Urheberrechtes bed\u00fcrfen der schriftlichen Zustimmung des<br \/>\njeweiligen Autors bzw. Erstellers. Downloads und Kopien dieser Seite<br \/>\nsind nur f\u00fcr den privaten, nicht kommerziellen Gebrauch gestattet.<br \/>\nSoweit die Inhalte auf dieser Seite nicht vom Betreiber erstellt wurden,<br \/>\nwerden die Urheberrechte Dritter beachtet. Insbesondere werden Inhalte<br \/>\nDritter als solche gekennzeichnet. Sollten Sie trotzdem auf eine<br \/>\nUrheberrechtsverletzung aufmerksam werden, bitten wir um einen<br \/>\nentsprechenden Hinweis. Bei Bekanntwerden von Rechtsverletzungen werden<br \/>\nwir derartige Inhalte umgehend entfernen.<\/p>\n<p><strong>Datenschutz<\/strong><br \/>\nDie<br \/>\nNutzung unserer Webseite ist in der Regel ohne Angabe personenbezogener<br \/>\nDaten m\u00f6glich. Soweit auf unseren Seiten personenbezogene Daten<br \/>\n(beispielsweise Name, Anschrift oder eMail-Adressen) erhoben werden,<br \/>\nerfolgt dies, soweit m\u00f6glich, stets auf freiwilliger Basis. Diese Daten<br \/>\nwerden ohne Ihre ausdr\u00fcckliche Zustimmung nicht an Dritte weitergegeben.<br \/>\nWir<br \/>\nweisen darauf hin, dass die Daten\u00fcbertragung im Internet (z.B. bei der<br \/>\nKommunikation per E-Mail) Sicherheitsl\u00fccken aufweisen kann. Ein<br \/>\nl\u00fcckenloser Schutz der Daten vor dem Zugriff durch Dritte ist nicht<br \/>\nm\u00f6glich.<br \/>\nDer Nutzung von im Rahmen der Impressumspflicht<br \/>\nver\u00f6ffentlichten Kontaktdaten durch Dritte zur \u00dcbersendung von nicht<br \/>\nausdr\u00fccklich angeforderter Werbung und Informationsmaterialien wird<br \/>\nhiermit ausdr\u00fccklich widersprochen. Die Betreiber der Seiten behalten<br \/>\nsich ausdr\u00fccklich rechtliche Schritte im Falle der unverlangten<br \/>\nZusendung von Werbeinformationen, etwa durch Spam-Mails, vor.<\/p>\n<\/div>\n<p>[\/vc_column_text][\/vc_column][\/vc_row]<\/p>\n<\/div>","protected":false},"excerpt":{"rendered":"[vc_row][vc_column][vc_separator color=\"pink\"][vc_column_text] Impressum Angaben gem\u00e4\u00df \u00a7 5 TMG: Mario Riedel Wildentenweg 2 D - 50127 Bergheim Mobil: +49 177-7288323 E-Mail:&nbsp;djdoublec@dj-doublec.de Steuernummer: 203\/5259\/2217 Haftung f\u00fcr Inhalte Die Inhalte unserer Seiten wurden mit gr\u00f6\u00dfter Sorgfalt erstellt. F\u00fcr die Richtigkeit, Vollst\u00e4ndigkeit und Aktualit\u00e4t der Inhalte k\u00f6nnen wir jedoch keine Gew\u00e4hr \u00fcbernehmen. Als Diensteanbieter sind wir gem\u00e4\u00df \u00a7 7","protected":false},"author":1,"featured_media":0,"parent":0,"menu_order":0,"comment_status":"closed","ping_status":"closed","template":"","meta":{"footnotes":""},"class_list":["post-576","page","type-page","status-publish","hentry"],"_links":{"self":[{"href":"https:\/\/dj-doublec.de\/index.php\/wp-json\/wp\/v2\/pages\/576","targetHints":{"allow":["GET"]}}],"collection":[{"href":"https:\/\/dj-doublec.de\/index.php\/wp-json\/wp\/v2\/pages"}],"about":[{"href":"https:\/\/dj-doublec.de\/index.php\/wp-json\/wp\/v2\/types\/page"}],"author":[{"embeddable":true,"href":"https:\/\/dj-doublec.de\/index.php\/wp-json\/wp\/v2\/users\/1"}],"replies":[{"embeddable":true,"href":"https:\/\/dj-doublec.de\/index.php\/wp-json\/wp\/v2\/comments?post=576"}],"version-history":[{"count":1,"href":"https:\/\/dj-doublec.de\/index.php\/wp-json\/wp\/v2\/pages\/576\/revisions"}],"predecessor-version":[{"id":577,"href":"https:\/\/dj-doublec.de\/index.php\/wp-json\/wp\/v2\/pages\/576\/revisions\/577"}],"wp:attachment":[{"href":"https:\/\/dj-doublec.de\/index.php\/wp-json\/wp\/v2\/media?parent=576"}],"curies":[{"name":"wp","href":"https:\/\/api.w.org\/{rel}","templated":true}]}}